{"id":2,"date":"2021-04-14T16:16:04","date_gmt":"2021-04-14T16:16:04","guid":{"rendered":"http:\/\/www.cbmao.net\/?page_id=2"},"modified":"2025-08-03T09:13:39","modified_gmt":"2025-08-03T07:13:39","slug":"pagina-principal-de-club-badminton-mao","status":"publish","type":"page","link":"https:\/\/www.cbmao.net\/","title":{"rendered":"Club B\u00e0dminton Ma\u00f3"},"content":{"rendered":"\n<div class=\"wp-block-buttons is-content-justification-center is-layout-flex wp-container-core-buttons-is-layout-062f0008 wp-block-buttons-is-layout-flex\">\n<div class=\"wp-block-button has-custom-width wp-block-button__width-50 is-style-fill\"><a class=\"wp-block-button__link wp-element-button\" href=\"https:\/\/form.jotform.com\/252072335684357\">Inscriu-te!<\/a><\/div>\n<\/div>\n\n\n\n<figure class=\"wp-block-gallery aligncenter has-nested-images columns-default is-cropped wp-block-gallery-1 is-layout-flex wp-block-gallery-is-layout-flex\">\n<figure class=\"wp-block-image size-large\"><a href=\"https:\/\/form.jotform.com\/252072335684357\"><img loading=\"lazy\" decoding=\"async\" width=\"724\" height=\"1024\" data-id=\"466\" src=\"https:\/\/www.cbmao.net\/wp-content\/uploads\/2025\/08\/Horari-CBMao-25-26-WEB-724x1024.png\" alt=\"\" class=\"wp-image-466\" srcset=\"https:\/\/www.cbmao.net\/wp-content\/uploads\/2025\/08\/Horari-CBMao-25-26-WEB-724x1024.png 724w, https:\/\/www.cbmao.net\/wp-content\/uploads\/2025\/08\/Horari-CBMao-25-26-WEB-212x300.png 212w, https:\/\/www.cbmao.net\/wp-content\/uploads\/2025\/08\/Horari-CBMao-25-26-WEB-768x1086.png 768w, https:\/\/www.cbmao.net\/wp-content\/uploads\/2025\/08\/Horari-CBMao-25-26-WEB-1086x1536.png 1086w, https:\/\/www.cbmao.net\/wp-content\/uploads\/2025\/08\/Horari-CBMao-25-26-WEB-1448x2048.png 1448w, https:\/\/www.cbmao.net\/wp-content\/uploads\/2025\/08\/Horari-CBMao-25-26-WEB-1568x2218.png 1568w, https:\/\/www.cbmao.net\/wp-content\/uploads\/2025\/08\/Horari-CBMao-25-26-WEB.png 1587w\" sizes=\"auto, (max-width: 724px) 100vw, 724px\" \/><\/a><\/figure>\n<\/figure>\n\n\n\n<div style=\"height:12px\" aria-hidden=\"true\" class=\"wp-block-spacer\"><\/div>\n\n\n\n<div class=\"wp-block-buttons is-content-justification-center is-layout-flex wp-container-core-buttons-is-layout-062f0008 wp-block-buttons-is-layout-flex\">\n<div class=\"wp-block-button has-custom-width wp-block-button__width-50 is-style-fill\"><a class=\"wp-block-button__link wp-element-button\" href=\"https:\/\/form.jotform.com\/252072335684357\">Inscriu-te!<\/a><\/div>\n<\/div>\n\n\n\n<hr class=\"wp-block-separator has-alpha-channel-opacity\"\/>\n\n\n\n<h2 class=\"wp-block-heading has-text-align-center\">Dia de portes obertes. Tot un \u00e8xit!<\/h2>\n\n\n\n<figure class=\"wp-block-embed is-type-video is-provider-youtube wp-block-embed-youtube wp-embed-aspect-16-9 wp-has-aspect-ratio\"><div class=\"wp-block-embed__wrapper\">\n<iframe loading=\"lazy\" title=\"Inicio de temporada 2022\/23\" width=\"750\" height=\"422\" src=\"https:\/\/www.youtube.com\/embed\/zlY_srsw2n0?feature=oembed\" frameborder=\"0\" allow=\"accelerometer; autoplay; clipboard-write; encrypted-media; gyroscope; picture-in-picture; web-share\" referrerpolicy=\"strict-origin-when-cross-origin\" allowfullscreen><\/iframe>\n<\/div><\/figure>\n\n\n\n<hr class=\"wp-block-separator has-alpha-channel-opacity\"\/>\n\n\n\n<hr class=\"wp-block-separator has-alpha-channel-opacity\"\/>\n\n\n\n<div class=\"wp-block-columns are-vertically-aligned-top is-layout-flex wp-container-core-columns-is-layout-9d6595d7 wp-block-columns-is-layout-flex\">\n<div class=\"wp-block-column is-vertically-aligned-top is-layout-flow wp-block-column-is-layout-flow\">\n<h2 class=\"wp-block-heading\" id=\"c-b-mao\" style=\"line-height:0.9\">C.B. Ma\u00f3 <\/h2>\n\n\n\n<p style=\"font-size:12px;line-height:0\">Avda. M\u00e0rius Verdaguer, 7<\/p>\n\n\n\n<p style=\"font-size:12px;line-height:0\">07702 -Ma\u00f3<\/p>\n\n\n\n<hr class=\"wp-block-separator has-css-opacity\"\/>\n\n\n\n<p style=\"line-height:0\"><strong>Contacte:<\/strong><\/p>\n\n\n\n<p style=\"line-height:0\">Pep Costa<\/p>\n\n\n\n<p style=\"line-height:0\">Tel: <strong>619 502 267<\/strong><\/p>\n\n\n\n<p style=\"line-height:0\">email: <a href=\"mailto:cbmao@cbmao.net\">cbmao@cbmao.net<\/a><\/p>\n<\/div>\n\n\n\n<div class=\"wp-block-column is-vertically-aligned-top is-layout-flow wp-block-column-is-layout-flow\">\n<div class=\"mapouter\"><div class=\"gmap_canvas\"><iframe loading=\"lazy\" width=\"500\" height=\"500\" id=\"gmap_canvas\" src=\"https:\/\/maps.google.com\/maps?q=Av.%20M%C3%A0rius%20Verdaguer,%207,%2007702%20Ma%C3%B3&amp;t=&amp;z=15&amp;ie=UTF8&amp;iwloc=&amp;output=embed\" frameborder=\"0\" scrolling=\"no\" marginheight=\"0\" marginwidth=\"0\"><\/iframe><a href=\"https:\/\/123movies-to.org\"><\/a><br><style>.mapouter{position:relative;text-align:right;height:200px;width:200px;}<\/style><a href=\"https:\/\/www.embedgooglemap.net\">embed google maps in website<\/a><style>.gmap_canvas {overflow:hidden;background:none!important;height:500px;width:500px;}<\/style><\/div><\/div>\n<\/div>\n<\/div>\n\n\n\n<hr class=\"wp-block-separator has-css-opacity\"\/>\n","protected":false},"excerpt":{"rendered":"<p>Dia de portes obertes. Tot un \u00e8xit! C.B. Ma\u00f3 Avda. M\u00e0rius Verdaguer, 7 07702 -Ma\u00f3 Contacte: Pep Costa Tel: 619 502 267 email: cbmao@cbmao.net embed google maps in website<\/p>\n","protected":false},"author":1,"featured_media":0,"parent":0,"menu_order":0,"comment_status":"closed","ping_status":"closed","template":"","meta":{"_monsterinsights_skip_tracking":false,"_monsterinsights_sitenote_active":false,"_monsterinsights_sitenote_note":"","_monsterinsights_sitenote_category":0,"ngg_post_thumbnail":0,"footnotes":""},"class_list":["post-2","page","type-page","status-publish","hentry","entry"],"yoast_head":"<!-- This site is optimized with the Yoast SEO plugin v27.4 - https:\/\/yoast.com\/product\/yoast-seo-wordpress\/ -->\n<title>Club B\u00e0dminton Ma\u00f3 - C.B. Ma\u00f3<\/title>\n<meta name=\"robots\" content=\"index, follow, max-snippet:-1, max-image-preview:large, max-video-preview:-1\" \/>\n<link rel=\"canonical\" href=\"https:\/\/www.cbmao.net\/\" \/>\n<meta property=\"og:locale\" content=\"es_ES\" \/>\n<meta property=\"og:type\" content=\"article\" \/>\n<meta property=\"og:title\" content=\"Club B\u00e0dminton Ma\u00f3 - C.B. Ma\u00f3\" \/>\n<meta property=\"og:description\" content=\"Dia de portes obertes. Tot un \u00e8xit! C.B. Ma\u00f3 Avda. M\u00e0rius Verdaguer, 7 07702 -Ma\u00f3 Contacte: Pep Costa Tel: 619 502 267 email: cbmao@cbmao.net embed google maps in website\" \/>\n<meta property=\"og:url\" content=\"https:\/\/www.cbmao.net\/\" \/>\n<meta property=\"og:site_name\" content=\"C.B. Ma\u00f3\" \/>\n<meta property=\"article:modified_time\" content=\"2025-08-03T07:13:39+00:00\" \/>\n<meta property=\"og:image\" content=\"https:\/\/www.cbmao.net\/wp-content\/uploads\/2025\/08\/Horari-CBMao-25-26-WEB.png\" \/>\n\t<meta property=\"og:image:width\" content=\"1587\" \/>\n\t<meta property=\"og:image:height\" content=\"2245\" \/>\n\t<meta property=\"og:image:type\" content=\"image\/png\" \/>\n<meta name=\"twitter:card\" content=\"summary_large_image\" \/>\n<meta name=\"twitter:label1\" content=\"Tiempo de lectura\" \/>\n\t<meta name=\"twitter:data1\" content=\"1 minuto\" \/>\n<script type=\"application\/ld+json\" class=\"yoast-schema-graph\">{\"@context\":\"https:\\\/\\\/schema.org\",\"@graph\":[{\"@type\":\"WebPage\",\"@id\":\"https:\\\/\\\/www.cbmao.net\\\/\",\"url\":\"https:\\\/\\\/www.cbmao.net\\\/\",\"name\":\"Club B\u00e0dminton Ma\u00f3 - C.B. Ma\u00f3\",\"isPartOf\":{\"@id\":\"https:\\\/\\\/www.cbmao.net\\\/#website\"},\"primaryImageOfPage\":{\"@id\":\"https:\\\/\\\/www.cbmao.net\\\/#primaryimage\"},\"image\":{\"@id\":\"https:\\\/\\\/www.cbmao.net\\\/#primaryimage\"},\"thumbnailUrl\":\"https:\\\/\\\/www.cbmao.net\\\/wp-content\\\/uploads\\\/2025\\\/08\\\/Horari-CBMao-25-26-WEB-724x1024.png\",\"datePublished\":\"2021-04-14T16:16:04+00:00\",\"dateModified\":\"2025-08-03T07:13:39+00:00\",\"breadcrumb\":{\"@id\":\"https:\\\/\\\/www.cbmao.net\\\/#breadcrumb\"},\"inLanguage\":\"es\",\"potentialAction\":[{\"@type\":\"ReadAction\",\"target\":[\"https:\\\/\\\/www.cbmao.net\\\/\"]}]},{\"@type\":\"ImageObject\",\"inLanguage\":\"es\",\"@id\":\"https:\\\/\\\/www.cbmao.net\\\/#primaryimage\",\"url\":\"https:\\\/\\\/www.cbmao.net\\\/wp-content\\\/uploads\\\/2025\\\/08\\\/Horari-CBMao-25-26-WEB.png\",\"contentUrl\":\"https:\\\/\\\/www.cbmao.net\\\/wp-content\\\/uploads\\\/2025\\\/08\\\/Horari-CBMao-25-26-WEB.png\",\"width\":1587,\"height\":2245},{\"@type\":\"BreadcrumbList\",\"@id\":\"https:\\\/\\\/www.cbmao.net\\\/#breadcrumb\",\"itemListElement\":[{\"@type\":\"ListItem\",\"position\":1,\"name\":\"Club b\u00e0dminton Ma\u00f3\",\"item\":\"https:\\\/\\\/www.cbmao.net\\\/\"},{\"@type\":\"ListItem\",\"position\":2,\"name\":\"Club B\u00e0dminton Ma\u00f3\"}]},{\"@type\":\"WebSite\",\"@id\":\"https:\\\/\\\/www.cbmao.net\\\/#website\",\"url\":\"https:\\\/\\\/www.cbmao.net\\\/\",\"name\":\"C.B. Ma\u00f3\",\"description\":\"Club B\u00e0dminton Ma\u00f3\",\"publisher\":{\"@id\":\"https:\\\/\\\/www.cbmao.net\\\/#organization\"},\"potentialAction\":[{\"@type\":\"SearchAction\",\"target\":{\"@type\":\"EntryPoint\",\"urlTemplate\":\"https:\\\/\\\/www.cbmao.net\\\/?s={search_term_string}\"},\"query-input\":{\"@type\":\"PropertyValueSpecification\",\"valueRequired\":true,\"valueName\":\"search_term_string\"}}],\"inLanguage\":\"es\"},{\"@type\":\"Organization\",\"@id\":\"https:\\\/\\\/www.cbmao.net\\\/#organization\",\"name\":\"C.B. Ma\u00f3\",\"url\":\"https:\\\/\\\/www.cbmao.net\\\/\",\"logo\":{\"@type\":\"ImageObject\",\"inLanguage\":\"es\",\"@id\":\"https:\\\/\\\/www.cbmao.net\\\/#\\\/schema\\\/logo\\\/image\\\/\",\"url\":\"https:\\\/\\\/www.cbmao.net\\\/wp-content\\\/uploads\\\/2021\\\/04\\\/CB_MAO_Web.png\",\"contentUrl\":\"https:\\\/\\\/www.cbmao.net\\\/wp-content\\\/uploads\\\/2021\\\/04\\\/CB_MAO_Web.png\",\"width\":100,\"height\":100,\"caption\":\"C.B. Ma\u00f3\"},\"image\":{\"@id\":\"https:\\\/\\\/www.cbmao.net\\\/#\\\/schema\\\/logo\\\/image\\\/\"}}]}<\/script>\n<!-- \/ Yoast SEO plugin. -->","yoast_head_json":{"title":"Club B\u00e0dminton Ma\u00f3 - C.B. Ma\u00f3","robots":{"index":"index","follow":"follow","max-snippet":"max-snippet:-1","max-image-preview":"max-image-preview:large","max-video-preview":"max-video-preview:-1"},"canonical":"https:\/\/www.cbmao.net\/","og_locale":"es_ES","og_type":"article","og_title":"Club B\u00e0dminton Ma\u00f3 - C.B. Ma\u00f3","og_description":"Dia de portes obertes. Tot un \u00e8xit! C.B. Ma\u00f3 Avda. M\u00e0rius Verdaguer, 7 07702 -Ma\u00f3 Contacte: Pep Costa Tel: 619 502 267 email: cbmao@cbmao.net embed google maps in website","og_url":"https:\/\/www.cbmao.net\/","og_site_name":"C.B. Ma\u00f3","article_modified_time":"2025-08-03T07:13:39+00:00","og_image":[{"width":1587,"height":2245,"url":"https:\/\/www.cbmao.net\/wp-content\/uploads\/2025\/08\/Horari-CBMao-25-26-WEB.png","type":"image\/png"}],"twitter_card":"summary_large_image","twitter_misc":{"Tiempo de lectura":"1 minuto"},"schema":{"@context":"https:\/\/schema.org","@graph":[{"@type":"WebPage","@id":"https:\/\/www.cbmao.net\/","url":"https:\/\/www.cbmao.net\/","name":"Club B\u00e0dminton Ma\u00f3 - C.B. Ma\u00f3","isPartOf":{"@id":"https:\/\/www.cbmao.net\/#website"},"primaryImageOfPage":{"@id":"https:\/\/www.cbmao.net\/#primaryimage"},"image":{"@id":"https:\/\/www.cbmao.net\/#primaryimage"},"thumbnailUrl":"https:\/\/www.cbmao.net\/wp-content\/uploads\/2025\/08\/Horari-CBMao-25-26-WEB-724x1024.png","datePublished":"2021-04-14T16:16:04+00:00","dateModified":"2025-08-03T07:13:39+00:00","breadcrumb":{"@id":"https:\/\/www.cbmao.net\/#breadcrumb"},"inLanguage":"es","potentialAction":[{"@type":"ReadAction","target":["https:\/\/www.cbmao.net\/"]}]},{"@type":"ImageObject","inLanguage":"es","@id":"https:\/\/www.cbmao.net\/#primaryimage","url":"https:\/\/www.cbmao.net\/wp-content\/uploads\/2025\/08\/Horari-CBMao-25-26-WEB.png","contentUrl":"https:\/\/www.cbmao.net\/wp-content\/uploads\/2025\/08\/Horari-CBMao-25-26-WEB.png","width":1587,"height":2245},{"@type":"BreadcrumbList","@id":"https:\/\/www.cbmao.net\/#breadcrumb","itemListElement":[{"@type":"ListItem","position":1,"name":"Club b\u00e0dminton Ma\u00f3","item":"https:\/\/www.cbmao.net\/"},{"@type":"ListItem","position":2,"name":"Club B\u00e0dminton Ma\u00f3"}]},{"@type":"WebSite","@id":"https:\/\/www.cbmao.net\/#website","url":"https:\/\/www.cbmao.net\/","name":"C.B. Ma\u00f3","description":"Club B\u00e0dminton Ma\u00f3","publisher":{"@id":"https:\/\/www.cbmao.net\/#organization"},"potentialAction":[{"@type":"SearchAction","target":{"@type":"EntryPoint","urlTemplate":"https:\/\/www.cbmao.net\/?s={search_term_string}"},"query-input":{"@type":"PropertyValueSpecification","valueRequired":true,"valueName":"search_term_string"}}],"inLanguage":"es"},{"@type":"Organization","@id":"https:\/\/www.cbmao.net\/#organization","name":"C.B. Ma\u00f3","url":"https:\/\/www.cbmao.net\/","logo":{"@type":"ImageObject","inLanguage":"es","@id":"https:\/\/www.cbmao.net\/#\/schema\/logo\/image\/","url":"https:\/\/www.cbmao.net\/wp-content\/uploads\/2021\/04\/CB_MAO_Web.png","contentUrl":"https:\/\/www.cbmao.net\/wp-content\/uploads\/2021\/04\/CB_MAO_Web.png","width":100,"height":100,"caption":"C.B. Ma\u00f3"},"image":{"@id":"https:\/\/www.cbmao.net\/#\/schema\/logo\/image\/"}}]}},"_links":{"self":[{"href":"https:\/\/www.cbmao.net\/index.php?rest_route=\/wp\/v2\/pages\/2","targetHints":{"allow":["GET"]}}],"collection":[{"href":"https:\/\/www.cbmao.net\/index.php?rest_route=\/wp\/v2\/pages"}],"about":[{"href":"https:\/\/www.cbmao.net\/index.php?rest_route=\/wp\/v2\/types\/page"}],"author":[{"embeddable":true,"href":"https:\/\/www.cbmao.net\/index.php?rest_route=\/wp\/v2\/users\/1"}],"replies":[{"embeddable":true,"href":"https:\/\/www.cbmao.net\/index.php?rest_route=%2Fwp%2Fv2%2Fcomments&post=2"}],"version-history":[{"count":104,"href":"https:\/\/www.cbmao.net\/index.php?rest_route=\/wp\/v2\/pages\/2\/revisions"}],"predecessor-version":[{"id":469,"href":"https:\/\/www.cbmao.net\/index.php?rest_route=\/wp\/v2\/pages\/2\/revisions\/469"}],"wp:attachment":[{"href":"https:\/\/www.cbmao.net\/index.php?rest_route=%2Fwp%2Fv2%2Fmedia&parent=2"}],"curies":[{"name":"wp","href":"https:\/\/api.w.org\/{rel}","templated":true}]}}